{"id":5,"date":"2018-05-03T14:53:26","date_gmt":"2018-05-03T12:53:26","guid":{"rendered":"https:\/\/www.bcinfo.fr\/wordpress\/?page_id=5"},"modified":"2021-03-23T14:00:30","modified_gmt":"2021-03-23T13:00:30","slug":"accueil","status":"publish","type":"page","link":"https:\/\/www.bcinfo.fr\/","title":{"rendered":"Accueil"},"content":{"rendered":"<div class=\"col-md-5\">\n<h3 style=\"text-align: center;\"><small class=\"mbr-section-subtitle\">Soci\u00e9t\u00e9 de prestations de service en Informatique situ\u00e9e \u00e0 Auch<\/small><\/h3>\n<p><strong>BC INFO<\/strong> est une entreprise informatique dynamique situ\u00e9e \u00e0 Auch dans le c\u0153ur du Gers. Cr\u00e9e en 2007, nous travaillons avec tout type de client petites et moyennes entreprises et administrations.<br \/>\nUn emplacement strat\u00e9gique pour favoriser le service de proximit\u00e9 et optimiser notre r\u00e9activit\u00e9 \u00e0 vos exigences.<\/p>\n<p><strong>Vous appr\u00e9cierez notre s\u00e9rieux et notre qualit\u00e9 de service gr\u00e2ce \u00e0 notre savoir faire :<\/strong><br \/>\n&#8211; maintenance des r\u00e9seaux et syst\u00e8mes informatique,<br \/>\n&#8211; s\u00e9curisation des donn\u00e9es : pare-feu, VPN, antivirus, passerelle antivirus et proxy<br \/>\n&#8211; site internet,<br \/>\n&#8211; solution de messagerie,<br \/>\n&#8211; solution de t\u00e9l\u00e9phonie (Digium, Sangoma ) ,<br \/>\n&#8211; programmation, d\u00e9veloppement de logiciels pour tout type de support : pc, mac, linux, mobile et tablettes,<br \/>\n&#8211; solution de sauvegarde,<br \/>\n&#8211; vente de mat\u00e9riels,<br \/>\n&#8211; multim\u00e9dia : prise son et mixage avec Cubase<\/p>\n<\/div>\n<div class=\"col-md-6 col-md-offset-1\"><\/div>\n","protected":false},"excerpt":{"rendered":"<p>Soci\u00e9t\u00e9 de prestations de service en Informatique situ\u00e9e \u00e0 Auch BC INFO est une entreprise informatique dynamique situ\u00e9e \u00e0 Auch dans le c\u0153ur du Gers. Cr\u00e9e en 2007, nous travaillons avec tout type de client petites et moyennes entreprises et administrations. Un emplacement strat\u00e9gique pour favoriser le service de proximit\u00e9 et optimiser notre r\u00e9activit\u00e9 \u00e0&#8230;<\/p>\n","protected":false},"author":1,"featured_media":0,"parent":0,"menu_order":0,"comment_status":"closed","ping_status":"closed","template":"","meta":{"jetpack_post_was_ever_published":false,"footnotes":""},"yoast_head":"<!-- This site is optimized with the Yoast SEO plugin v21.5 - https:\/\/yoast.com\/wordpress\/plugins\/seo\/ -->\n<title>Accueil - BC INFO<\/title>\n<meta name=\"robots\" content=\"index, follow, max-snippet:-1, max-image-preview:large, max-video-preview:-1\" \/>\n<link rel=\"canonical\" href=\"https:\/\/www.bcinfo.fr\/\" \/>\n<meta property=\"og:locale\" content=\"fr_FR\" \/>\n<meta property=\"og:type\" content=\"article\" \/>\n<meta property=\"og:title\" content=\"Accueil - BC INFO\" \/>\n<meta property=\"og:description\" content=\"Soci\u00e9t\u00e9 de prestations de service en Informatique situ\u00e9e \u00e0 Auch BC INFO est une entreprise informatique dynamique situ\u00e9e \u00e0 Auch dans le c\u0153ur du Gers. Cr\u00e9e en 2007, nous travaillons avec tout type de client petites et moyennes entreprises et administrations. Un emplacement strat\u00e9gique pour favoriser le service de proximit\u00e9 et optimiser notre r\u00e9activit\u00e9 \u00e0...\" \/>\n<meta property=\"og:url\" content=\"https:\/\/www.bcinfo.fr\/\" \/>\n<meta property=\"og:site_name\" content=\"BC INFO\" \/>\n<meta property=\"article:publisher\" content=\"https:\/\/www.facebook.com\/bcinfo32\/\" \/>\n<meta property=\"article:modified_time\" content=\"2021-03-23T13:00:30+00:00\" \/>\n<meta name=\"twitter:card\" content=\"summary_large_image\" \/>\n<meta name=\"twitter:label1\" content=\"Dur\u00e9e de lecture estim\u00e9e\" \/>\n\t<meta name=\"twitter:data1\" content=\"1 minute\" \/>\n<script type=\"application\/ld+json\" class=\"yoast-schema-graph\">{\"@context\":\"https:\/\/schema.org\",\"@graph\":[{\"@type\":\"WebPage\",\"@id\":\"https:\/\/www.bcinfo.fr\/\",\"url\":\"https:\/\/www.bcinfo.fr\/\",\"name\":\"Accueil - BC INFO\",\"isPartOf\":{\"@id\":\"https:\/\/www.bcinfo.fr\/#website\"},\"datePublished\":\"2018-05-03T12:53:26+00:00\",\"dateModified\":\"2021-03-23T13:00:30+00:00\",\"breadcrumb\":{\"@id\":\"https:\/\/www.bcinfo.fr\/#breadcrumb\"},\"inLanguage\":\"fr-FR\",\"potentialAction\":[{\"@type\":\"ReadAction\",\"target\":[\"https:\/\/www.bcinfo.fr\/\"]}]},{\"@type\":\"BreadcrumbList\",\"@id\":\"https:\/\/www.bcinfo.fr\/#breadcrumb\",\"itemListElement\":[{\"@type\":\"ListItem\",\"position\":1,\"name\":\"Accueil\",\"item\":\"https:\/\/www.bcinfo.fr\/\"},{\"@type\":\"ListItem\",\"position\":2,\"name\":\"Accueil\"}]},{\"@type\":\"WebSite\",\"@id\":\"https:\/\/www.bcinfo.fr\/#website\",\"url\":\"https:\/\/www.bcinfo.fr\/\",\"name\":\"BC INFO\",\"description\":\"Prestations de Service Informatique\",\"publisher\":{\"@id\":\"https:\/\/www.bcinfo.fr\/#organization\"},\"potentialAction\":[{\"@type\":\"SearchAction\",\"target\":{\"@type\":\"EntryPoint\",\"urlTemplate\":\"https:\/\/www.bcinfo.fr\/?s={search_term_string}\"},\"query-input\":\"required name=search_term_string\"}],\"inLanguage\":\"fr-FR\"},{\"@type\":\"Organization\",\"@id\":\"https:\/\/www.bcinfo.fr\/#organization\",\"name\":\"SARL BC INFO\",\"url\":\"https:\/\/www.bcinfo.fr\/\",\"logo\":{\"@type\":\"ImageObject\",\"inLanguage\":\"fr-FR\",\"@id\":\"https:\/\/www.bcinfo.fr\/#\/schema\/logo\/image\/\",\"url\":\"https:\/\/www.bcinfo.fr\/wp-content\/uploads\/2018\/05\/logo_BCINFO.jpg\",\"contentUrl\":\"https:\/\/www.bcinfo.fr\/wp-content\/uploads\/2018\/05\/logo_BCINFO.jpg\",\"width\":300,\"height\":106,\"caption\":\"SARL BC INFO\"},\"image\":{\"@id\":\"https:\/\/www.bcinfo.fr\/#\/schema\/logo\/image\/\"},\"sameAs\":[\"https:\/\/www.facebook.com\/bcinfo32\/\"]}]}<\/script>\n<!-- \/ Yoast SEO plugin. -->","yoast_head_json":{"title":"Accueil - BC INFO","robots":{"index":"index","follow":"follow","max-snippet":"max-snippet:-1","max-image-preview":"max-image-preview:large","max-video-preview":"max-video-preview:-1"},"canonical":"https:\/\/www.bcinfo.fr\/","og_locale":"fr_FR","og_type":"article","og_title":"Accueil - BC INFO","og_description":"Soci\u00e9t\u00e9 de prestations de service en Informatique situ\u00e9e \u00e0 Auch BC INFO est une entreprise informatique dynamique situ\u00e9e \u00e0 Auch dans le c\u0153ur du Gers. Cr\u00e9e en 2007, nous travaillons avec tout type de client petites et moyennes entreprises et administrations. Un emplacement strat\u00e9gique pour favoriser le service de proximit\u00e9 et optimiser notre r\u00e9activit\u00e9 \u00e0...","og_url":"https:\/\/www.bcinfo.fr\/","og_site_name":"BC INFO","article_publisher":"https:\/\/www.facebook.com\/bcinfo32\/","article_modified_time":"2021-03-23T13:00:30+00:00","twitter_card":"summary_large_image","twitter_misc":{"Dur\u00e9e de lecture estim\u00e9e":"1 minute"},"schema":{"@context":"https:\/\/schema.org","@graph":[{"@type":"WebPage","@id":"https:\/\/www.bcinfo.fr\/","url":"https:\/\/www.bcinfo.fr\/","name":"Accueil - BC INFO","isPartOf":{"@id":"https:\/\/www.bcinfo.fr\/#website"},"datePublished":"2018-05-03T12:53:26+00:00","dateModified":"2021-03-23T13:00:30+00:00","breadcrumb":{"@id":"https:\/\/www.bcinfo.fr\/#breadcrumb"},"inLanguage":"fr-FR","potentialAction":[{"@type":"ReadAction","target":["https:\/\/www.bcinfo.fr\/"]}]},{"@type":"BreadcrumbList","@id":"https:\/\/www.bcinfo.fr\/#breadcrumb","itemListElement":[{"@type":"ListItem","position":1,"name":"Accueil","item":"https:\/\/www.bcinfo.fr\/"},{"@type":"ListItem","position":2,"name":"Accueil"}]},{"@type":"WebSite","@id":"https:\/\/www.bcinfo.fr\/#website","url":"https:\/\/www.bcinfo.fr\/","name":"BC INFO","description":"Prestations de Service Informatique","publisher":{"@id":"https:\/\/www.bcinfo.fr\/#organization"},"potentialAction":[{"@type":"SearchAction","target":{"@type":"EntryPoint","urlTemplate":"https:\/\/www.bcinfo.fr\/?s={search_term_string}"},"query-input":"required name=search_term_string"}],"inLanguage":"fr-FR"},{"@type":"Organization","@id":"https:\/\/www.bcinfo.fr\/#organization","name":"SARL BC INFO","url":"https:\/\/www.bcinfo.fr\/","logo":{"@type":"ImageObject","inLanguage":"fr-FR","@id":"https:\/\/www.bcinfo.fr\/#\/schema\/logo\/image\/","url":"https:\/\/www.bcinfo.fr\/wp-content\/uploads\/2018\/05\/logo_BCINFO.jpg","contentUrl":"https:\/\/www.bcinfo.fr\/wp-content\/uploads\/2018\/05\/logo_BCINFO.jpg","width":300,"height":106,"caption":"SARL BC INFO"},"image":{"@id":"https:\/\/www.bcinfo.fr\/#\/schema\/logo\/image\/"},"sameAs":["https:\/\/www.facebook.com\/bcinfo32\/"]}]}},"jetpack_sharing_enabled":true,"jetpack_shortlink":"https:\/\/wp.me\/PavbC3-5","_links":{"self":[{"href":"https:\/\/www.bcinfo.fr\/index.php?rest_route=\/wp\/v2\/pages\/5"}],"collection":[{"href":"https:\/\/www.bcinfo.fr\/index.php?rest_route=\/wp\/v2\/pages"}],"about":[{"href":"https:\/\/www.bcinfo.fr\/index.php?rest_route=\/wp\/v2\/types\/page"}],"author":[{"embeddable":true,"href":"https:\/\/www.bcinfo.fr\/index.php?rest_route=\/wp\/v2\/users\/1"}],"replies":[{"embeddable":true,"href":"https:\/\/www.bcinfo.fr\/index.php?rest_route=%2Fwp%2Fv2%2Fcomments&post=5"}],"version-history":[{"count":8,"href":"https:\/\/www.bcinfo.fr\/index.php?rest_route=\/wp\/v2\/pages\/5\/revisions"}],"predecessor-version":[{"id":143,"href":"https:\/\/www.bcinfo.fr\/index.php?rest_route=\/wp\/v2\/pages\/5\/revisions\/143"}],"wp:attachment":[{"href":"https:\/\/www.bcinfo.fr\/index.php?rest_route=%2Fwp%2Fv2%2Fmedia&parent=5"}],"curies":[{"name":"wp","href":"https:\/\/api.w.org\/{rel}","templated":true}]}}